{"id":500,"date":"2022-02-16T16:46:39","date_gmt":"2022-02-16T21:46:39","guid":{"rendered":"https:\/\/you-can.naracreative.com\/?page_id=500"},"modified":"2026-03-03T08:43:28","modified_gmt":"2026-03-03T13:43:28","slug":"a-propos","status":"publish","type":"page","link":"https:\/\/you-can.biz\/fr\/a-propos\/","title":{"rendered":"\u00c0 propos"},"content":{"rendered":"","protected":false},"excerpt":{"rendered":"","protected":false},"author":1,"featured_media":0,"parent":0,"menu_order":0,"comment_status":"closed","ping_status":"closed","template":"template-about.php","meta":{"_acf_changed":false,"footnotes":""},"class_list":["post-500","page","type-page","status-publish","hentry","entry"],"acf":[],"yoast_head":"<!-- This site is optimized with the Yoast SEO plugin v22.9 - https:\/\/yoast.com\/wordpress\/plugins\/seo\/ -->\r\n<title>Apprenez en plus sur you-can.biz - \u00c0 propos de nous<\/title>\r\n<meta name=\"description\" content=\"D\u00e9couvrez en plus \u00e0 propos de you-can.biz, notre mission,ce que nous avons accomplis en 15 ans d&#039;activit\u00e9 avec nos clients et ce, dans de nombreuses industries.\" \/>\r\n<meta name=\"robots\" content=\"index, follow, max-snippet:-1, max-image-preview:large, max-video-preview:-1\" \/>\r\n<link rel=\"canonical\" href=\"https:\/\/you-can.biz\/fr\/a-propos\/\" \/>\r\n<meta property=\"og:locale\" content=\"fr_FR\" \/>\r\n<meta property=\"og:type\" content=\"article\" \/>\r\n<meta property=\"og:title\" content=\"Apprenez en plus sur you-can.biz - \u00c0 propos de nous\" \/>\r\n<meta property=\"og:description\" content=\"D\u00e9couvrez en plus \u00e0 propos de you-can.biz, notre mission,ce que nous avons accomplis en 15 ans d&#039;activit\u00e9 avec nos clients et ce, dans de nombreuses industries.\" \/>\r\n<meta property=\"og:url\" content=\"https:\/\/you-can.biz\/fr\/a-propos\/\" \/>\r\n<meta property=\"og:site_name\" content=\"you-can.biz\" \/>\r\n<meta property=\"article:modified_time\" content=\"2026-03-03T13:43:28+00:00\" \/>\r\n<meta name=\"twitter:card\" content=\"summary_large_image\" \/>\r\n<script type=\"application\/ld+json\" class=\"yoast-schema-graph\">{\"@context\":\"https:\/\/schema.org\",\"@graph\":[{\"@type\":\"WebPage\",\"@id\":\"https:\/\/you-can.biz\/fr\/a-propos\/\",\"url\":\"https:\/\/you-can.biz\/fr\/a-propos\/\",\"name\":\"Apprenez en plus sur you-can.biz - \u00c0 propos de nous\",\"isPartOf\":{\"@id\":\"https:\/\/you-can.biz\/fr\/#website\"},\"datePublished\":\"2022-02-16T21:46:39+00:00\",\"dateModified\":\"2026-03-03T13:43:28+00:00\",\"description\":\"D\u00e9couvrez en plus \u00e0 propos de you-can.biz, notre mission,ce que nous avons accomplis en 15 ans d'activit\u00e9 avec nos clients et ce, dans de nombreuses industries.\",\"breadcrumb\":{\"@id\":\"https:\/\/you-can.biz\/fr\/a-propos\/#breadcrumb\"},\"inLanguage\":\"fr-FR\",\"potentialAction\":[{\"@type\":\"ReadAction\",\"target\":[\"https:\/\/you-can.biz\/fr\/a-propos\/\"]}]},{\"@type\":\"BreadcrumbList\",\"@id\":\"https:\/\/you-can.biz\/fr\/a-propos\/#breadcrumb\",\"itemListElement\":[{\"@type\":\"ListItem\",\"position\":1,\"name\":\"Home\",\"item\":\"https:\/\/you-can.biz\/fr\/\"},{\"@type\":\"ListItem\",\"position\":2,\"name\":\"\u00c0 propos\"}]},{\"@type\":\"WebSite\",\"@id\":\"https:\/\/you-can.biz\/fr\/#website\",\"url\":\"https:\/\/you-can.biz\/fr\/\",\"name\":\"you-can.biz\",\"description\":\"\",\"publisher\":{\"@id\":\"https:\/\/you-can.biz\/fr\/#organization\"},\"potentialAction\":[{\"@type\":\"SearchAction\",\"target\":{\"@type\":\"EntryPoint\",\"urlTemplate\":\"https:\/\/you-can.biz\/fr\/?s={search_term_string}\"},\"query-input\":\"required name=search_term_string\"}],\"inLanguage\":\"fr-FR\"},{\"@type\":\"Organization\",\"@id\":\"https:\/\/you-can.biz\/fr\/#organization\",\"name\":\"you-can.biz\",\"url\":\"https:\/\/you-can.biz\/fr\/\",\"logo\":{\"@type\":\"ImageObject\",\"inLanguage\":\"fr-FR\",\"@id\":\"https:\/\/you-can.biz\/fr\/#\/schema\/logo\/image\/\",\"url\":\"https:\/\/you-can.biz\/wp-content\/uploads\/2022\/06\/logo_youcan.png\",\"contentUrl\":\"https:\/\/you-can.biz\/wp-content\/uploads\/2022\/06\/logo_youcan.png\",\"width\":172,\"height\":37,\"caption\":\"you-can.biz\"},\"image\":{\"@id\":\"https:\/\/you-can.biz\/fr\/#\/schema\/logo\/image\/\"}}]}<\/script>\r\n<!-- \/ Yoast SEO plugin. -->","yoast_head_json":{"title":"Apprenez en plus sur you-can.biz - \u00c0 propos de nous","description":"D\u00e9couvrez en plus \u00e0 propos de you-can.biz, notre mission,ce que nous avons accomplis en 15 ans d'activit\u00e9 avec nos clients et ce, dans de nombreuses industries.","robots":{"index":"index","follow":"follow","max-snippet":"max-snippet:-1","max-image-preview":"max-image-preview:large","max-video-preview":"max-video-preview:-1"},"canonical":"https:\/\/you-can.biz\/fr\/a-propos\/","og_locale":"fr_FR","og_type":"article","og_title":"Apprenez en plus sur you-can.biz - \u00c0 propos de nous","og_description":"D\u00e9couvrez en plus \u00e0 propos de you-can.biz, notre mission,ce que nous avons accomplis en 15 ans d'activit\u00e9 avec nos clients et ce, dans de nombreuses industries.","og_url":"https:\/\/you-can.biz\/fr\/a-propos\/","og_site_name":"you-can.biz","article_modified_time":"2026-03-03T13:43:28+00:00","twitter_card":"summary_large_image","schema":{"@context":"https:\/\/schema.org","@graph":[{"@type":"WebPage","@id":"https:\/\/you-can.biz\/fr\/a-propos\/","url":"https:\/\/you-can.biz\/fr\/a-propos\/","name":"Apprenez en plus sur you-can.biz - \u00c0 propos de nous","isPartOf":{"@id":"https:\/\/you-can.biz\/fr\/#website"},"datePublished":"2022-02-16T21:46:39+00:00","dateModified":"2026-03-03T13:43:28+00:00","description":"D\u00e9couvrez en plus \u00e0 propos de you-can.biz, notre mission,ce que nous avons accomplis en 15 ans d'activit\u00e9 avec nos clients et ce, dans de nombreuses industries.","breadcrumb":{"@id":"https:\/\/you-can.biz\/fr\/a-propos\/#breadcrumb"},"inLanguage":"fr-FR","potentialAction":[{"@type":"ReadAction","target":["https:\/\/you-can.biz\/fr\/a-propos\/"]}]},{"@type":"BreadcrumbList","@id":"https:\/\/you-can.biz\/fr\/a-propos\/#breadcrumb","itemListElement":[{"@type":"ListItem","position":1,"name":"Home","item":"https:\/\/you-can.biz\/fr\/"},{"@type":"ListItem","position":2,"name":"\u00c0 propos"}]},{"@type":"WebSite","@id":"https:\/\/you-can.biz\/fr\/#website","url":"https:\/\/you-can.biz\/fr\/","name":"you-can.biz","description":"","publisher":{"@id":"https:\/\/you-can.biz\/fr\/#organization"},"potentialAction":[{"@type":"SearchAction","target":{"@type":"EntryPoint","urlTemplate":"https:\/\/you-can.biz\/fr\/?s={search_term_string}"},"query-input":"required name=search_term_string"}],"inLanguage":"fr-FR"},{"@type":"Organization","@id":"https:\/\/you-can.biz\/fr\/#organization","name":"you-can.biz","url":"https:\/\/you-can.biz\/fr\/","logo":{"@type":"ImageObject","inLanguage":"fr-FR","@id":"https:\/\/you-can.biz\/fr\/#\/schema\/logo\/image\/","url":"https:\/\/you-can.biz\/wp-content\/uploads\/2022\/06\/logo_youcan.png","contentUrl":"https:\/\/you-can.biz\/wp-content\/uploads\/2022\/06\/logo_youcan.png","width":172,"height":37,"caption":"you-can.biz"},"image":{"@id":"https:\/\/you-can.biz\/fr\/#\/schema\/logo\/image\/"}}]}},"_links":{"self":[{"href":"https:\/\/you-can.biz\/fr\/wp-json\/wp\/v2\/pages\/500","targetHints":{"allow":["GET"]}}],"collection":[{"href":"https:\/\/you-can.biz\/fr\/wp-json\/wp\/v2\/pages"}],"about":[{"href":"https:\/\/you-can.biz\/fr\/wp-json\/wp\/v2\/types\/page"}],"author":[{"embeddable":true,"href":"https:\/\/you-can.biz\/fr\/wp-json\/wp\/v2\/users\/1"}],"replies":[{"embeddable":true,"href":"https:\/\/you-can.biz\/fr\/wp-json\/wp\/v2\/comments?post=500"}],"version-history":[{"count":61,"href":"https:\/\/you-can.biz\/fr\/wp-json\/wp\/v2\/pages\/500\/revisions"}],"predecessor-version":[{"id":1613,"href":"https:\/\/you-can.biz\/fr\/wp-json\/wp\/v2\/pages\/500\/revisions\/1613"}],"wp:attachment":[{"href":"https:\/\/you-can.biz\/fr\/wp-json\/wp\/v2\/media?parent=500"}],"curies":[{"name":"wp","href":"https:\/\/api.w.org\/{rel}","templated":true}]}}