{"id":488,"date":"2022-02-16T16:45:05","date_gmt":"2022-02-16T21:45:05","guid":{"rendered":"https:\/\/you-can.naracreative.com\/?page_id=488"},"modified":"2022-05-27T15:22:04","modified_gmt":"2022-05-27T19:22:04","slug":"contact","status":"publish","type":"page","link":"https:\/\/you-can.biz\/fr\/contact\/","title":{"rendered":"Contact"},"content":{"rendered":"","protected":false},"excerpt":{"rendered":"","protected":false},"author":1,"featured_media":0,"parent":0,"menu_order":0,"comment_status":"closed","ping_status":"closed","template":"template-contact.php","meta":{"_acf_changed":false,"footnotes":""},"class_list":["post-488","page","type-page","status-publish","hentry","entry"],"acf":[],"yoast_head":"<!-- This site is optimized with the Yoast SEO plugin v22.9 - https:\/\/yoast.com\/wordpress\/plugins\/seo\/ -->\r\n<title>Contactez-nous si vous avez des questions - you-can.biz<\/title>\r\n<meta name=\"description\" content=\"N&#039;h\u00e9sitez pas \u00e0 prendre contact avec nous pour toute question ou demande \u00e0 propos de nos services ou pour discuter de vos projets sp\u00e9cifiques avec nos experts.\" \/>\r\n<meta name=\"robots\" content=\"index, follow, max-snippet:-1, max-image-preview:large, max-video-preview:-1\" \/>\r\n<link rel=\"canonical\" href=\"https:\/\/you-can.biz\/fr\/contact\/\" \/>\r\n<meta property=\"og:locale\" content=\"fr_FR\" \/>\r\n<meta property=\"og:type\" content=\"article\" \/>\r\n<meta property=\"og:title\" content=\"Contactez-nous si vous avez des questions - you-can.biz\" \/>\r\n<meta property=\"og:description\" content=\"N&#039;h\u00e9sitez pas \u00e0 prendre contact avec nous pour toute question ou demande \u00e0 propos de nos services ou pour discuter de vos projets sp\u00e9cifiques avec nos experts.\" \/>\r\n<meta property=\"og:url\" content=\"https:\/\/you-can.biz\/fr\/contact\/\" \/>\r\n<meta property=\"og:site_name\" content=\"you-can.biz\" \/>\r\n<meta property=\"article:modified_time\" content=\"2022-05-27T19:22:04+00:00\" \/>\r\n<meta name=\"twitter:card\" content=\"summary_large_image\" \/>\r\n<script type=\"application\/ld+json\" class=\"yoast-schema-graph\">{\"@context\":\"https:\/\/schema.org\",\"@graph\":[{\"@type\":\"WebPage\",\"@id\":\"https:\/\/you-can.biz\/fr\/contact\/\",\"url\":\"https:\/\/you-can.biz\/fr\/contact\/\",\"name\":\"Contactez-nous si vous avez des questions - you-can.biz\",\"isPartOf\":{\"@id\":\"https:\/\/you-can.biz\/fr\/#website\"},\"datePublished\":\"2022-02-16T21:45:05+00:00\",\"dateModified\":\"2022-05-27T19:22:04+00:00\",\"description\":\"N'h\u00e9sitez pas \u00e0 prendre contact avec nous pour toute question ou demande \u00e0 propos de nos services ou pour discuter de vos projets sp\u00e9cifiques avec nos experts.\",\"breadcrumb\":{\"@id\":\"https:\/\/you-can.biz\/fr\/contact\/#breadcrumb\"},\"inLanguage\":\"fr-FR\",\"potentialAction\":[{\"@type\":\"ReadAction\",\"target\":[\"https:\/\/you-can.biz\/fr\/contact\/\"]}]},{\"@type\":\"BreadcrumbList\",\"@id\":\"https:\/\/you-can.biz\/fr\/contact\/#breadcrumb\",\"itemListElement\":[{\"@type\":\"ListItem\",\"position\":1,\"name\":\"Home\",\"item\":\"https:\/\/you-can.biz\/fr\/\"},{\"@type\":\"ListItem\",\"position\":2,\"name\":\"Contact\"}]},{\"@type\":\"WebSite\",\"@id\":\"https:\/\/you-can.biz\/fr\/#website\",\"url\":\"https:\/\/you-can.biz\/fr\/\",\"name\":\"you-can.biz\",\"description\":\"\",\"publisher\":{\"@id\":\"https:\/\/you-can.biz\/fr\/#organization\"},\"potentialAction\":[{\"@type\":\"SearchAction\",\"target\":{\"@type\":\"EntryPoint\",\"urlTemplate\":\"https:\/\/you-can.biz\/fr\/?s={search_term_string}\"},\"query-input\":\"required name=search_term_string\"}],\"inLanguage\":\"fr-FR\"},{\"@type\":\"Organization\",\"@id\":\"https:\/\/you-can.biz\/fr\/#organization\",\"name\":\"you-can.biz\",\"url\":\"https:\/\/you-can.biz\/fr\/\",\"logo\":{\"@type\":\"ImageObject\",\"inLanguage\":\"fr-FR\",\"@id\":\"https:\/\/you-can.biz\/fr\/#\/schema\/logo\/image\/\",\"url\":\"https:\/\/you-can.biz\/wp-content\/uploads\/2022\/06\/logo_youcan.png\",\"contentUrl\":\"https:\/\/you-can.biz\/wp-content\/uploads\/2022\/06\/logo_youcan.png\",\"width\":172,\"height\":37,\"caption\":\"you-can.biz\"},\"image\":{\"@id\":\"https:\/\/you-can.biz\/fr\/#\/schema\/logo\/image\/\"}}]}<\/script>\r\n<!-- \/ Yoast SEO plugin. -->","yoast_head_json":{"title":"Contactez-nous si vous avez des questions - you-can.biz","description":"N'h\u00e9sitez pas \u00e0 prendre contact avec nous pour toute question ou demande \u00e0 propos de nos services ou pour discuter de vos projets sp\u00e9cifiques avec nos experts.","robots":{"index":"index","follow":"follow","max-snippet":"max-snippet:-1","max-image-preview":"max-image-preview:large","max-video-preview":"max-video-preview:-1"},"canonical":"https:\/\/you-can.biz\/fr\/contact\/","og_locale":"fr_FR","og_type":"article","og_title":"Contactez-nous si vous avez des questions - you-can.biz","og_description":"N'h\u00e9sitez pas \u00e0 prendre contact avec nous pour toute question ou demande \u00e0 propos de nos services ou pour discuter de vos projets sp\u00e9cifiques avec nos experts.","og_url":"https:\/\/you-can.biz\/fr\/contact\/","og_site_name":"you-can.biz","article_modified_time":"2022-05-27T19:22:04+00:00","twitter_card":"summary_large_image","schema":{"@context":"https:\/\/schema.org","@graph":[{"@type":"WebPage","@id":"https:\/\/you-can.biz\/fr\/contact\/","url":"https:\/\/you-can.biz\/fr\/contact\/","name":"Contactez-nous si vous avez des questions - you-can.biz","isPartOf":{"@id":"https:\/\/you-can.biz\/fr\/#website"},"datePublished":"2022-02-16T21:45:05+00:00","dateModified":"2022-05-27T19:22:04+00:00","description":"N'h\u00e9sitez pas \u00e0 prendre contact avec nous pour toute question ou demande \u00e0 propos de nos services ou pour discuter de vos projets sp\u00e9cifiques avec nos experts.","breadcrumb":{"@id":"https:\/\/you-can.biz\/fr\/contact\/#breadcrumb"},"inLanguage":"fr-FR","potentialAction":[{"@type":"ReadAction","target":["https:\/\/you-can.biz\/fr\/contact\/"]}]},{"@type":"BreadcrumbList","@id":"https:\/\/you-can.biz\/fr\/contact\/#breadcrumb","itemListElement":[{"@type":"ListItem","position":1,"name":"Home","item":"https:\/\/you-can.biz\/fr\/"},{"@type":"ListItem","position":2,"name":"Contact"}]},{"@type":"WebSite","@id":"https:\/\/you-can.biz\/fr\/#website","url":"https:\/\/you-can.biz\/fr\/","name":"you-can.biz","description":"","publisher":{"@id":"https:\/\/you-can.biz\/fr\/#organization"},"potentialAction":[{"@type":"SearchAction","target":{"@type":"EntryPoint","urlTemplate":"https:\/\/you-can.biz\/fr\/?s={search_term_string}"},"query-input":"required name=search_term_string"}],"inLanguage":"fr-FR"},{"@type":"Organization","@id":"https:\/\/you-can.biz\/fr\/#organization","name":"you-can.biz","url":"https:\/\/you-can.biz\/fr\/","logo":{"@type":"ImageObject","inLanguage":"fr-FR","@id":"https:\/\/you-can.biz\/fr\/#\/schema\/logo\/image\/","url":"https:\/\/you-can.biz\/wp-content\/uploads\/2022\/06\/logo_youcan.png","contentUrl":"https:\/\/you-can.biz\/wp-content\/uploads\/2022\/06\/logo_youcan.png","width":172,"height":37,"caption":"you-can.biz"},"image":{"@id":"https:\/\/you-can.biz\/fr\/#\/schema\/logo\/image\/"}}]}},"_links":{"self":[{"href":"https:\/\/you-can.biz\/fr\/wp-json\/wp\/v2\/pages\/488","targetHints":{"allow":["GET"]}}],"collection":[{"href":"https:\/\/you-can.biz\/fr\/wp-json\/wp\/v2\/pages"}],"about":[{"href":"https:\/\/you-can.biz\/fr\/wp-json\/wp\/v2\/types\/page"}],"author":[{"embeddable":true,"href":"https:\/\/you-can.biz\/fr\/wp-json\/wp\/v2\/users\/1"}],"replies":[{"embeddable":true,"href":"https:\/\/you-can.biz\/fr\/wp-json\/wp\/v2\/comments?post=488"}],"version-history":[{"count":4,"href":"https:\/\/you-can.biz\/fr\/wp-json\/wp\/v2\/pages\/488\/revisions"}],"predecessor-version":[{"id":1222,"href":"https:\/\/you-can.biz\/fr\/wp-json\/wp\/v2\/pages\/488\/revisions\/1222"}],"wp:attachment":[{"href":"https:\/\/you-can.biz\/fr\/wp-json\/wp\/v2\/media?parent=488"}],"curies":[{"name":"wp","href":"https:\/\/api.w.org\/{rel}","templated":true}]}}